{"id":55,"date":"2016-01-20T09:22:55","date_gmt":"2016-01-20T09:22:55","guid":{"rendered":"http:\/\/archiwariusz.pl\/?page_id=55"},"modified":"2016-01-28T23:33:12","modified_gmt":"2016-01-28T23:33:12","slug":"dzien-dobry","status":"publish","type":"page","link":"http:\/\/archiwariusz.pl\/","title":{"rendered":"Dzie\u0144 dobry :)"},"content":{"rendered":"<p>Jeste\u015bmy firm\u0105 archiwizuj\u0105c\u0105 dokumenty i zajmuj\u0105c\u0105 si\u0119 tworzeniem normatyw\u00f3w archiwalnych. W zakresie naszych zada\u0144\u00a0s\u0105 r\u00f3wnie\u017c\u00a0szkolenia i wdro\u017cenie do prowadzenia archiwum lub sk\u0142adnicy akt.\u00a0Nasz\u0105 dzia\u0142alno\u015b\u0107 prowadzimy od 1999 roku. To d\u0142ugo, ale ca\u0142y czas si\u0119 uczymy i staramy si\u0119\u00a0dostosowa\u0107 nasze us\u0142ugi do zmieniaj\u0105cych si\u0119 przepis\u00f3w oraz potrzeb i warunk\u00f3w naszych klient\u00f3w. Pomagamy tworzy\u0107 nowe archiwa i porz\u0105dkowa\u0107 te, kt\u00f3re istniej\u0105 lub kiedy\u015b istnia\u0142y, a teraz stanowi\u0105 tylko sk\u0142adowisko na poz\u00f3r niepotrzebnych papier\u00f3w.<\/p>\n<p>Lubimy nasz\u0105 prac\u0119 i staramy si\u0119 j\u0105 wykonywa\u0107 jak najlepiej. Podczas porz\u0105dkowania dokument\u00f3w, staramy si\u0119 by\u0107 w ci\u0105g\u0142ym kontakcie z w\u0142a\u015bciwym miejscowo archiwum pa\u0144stwowym, konsultuj\u0105c na polecenie zamawiaj\u0105cego, wykonywane czynno\u015bci.<\/p>\n<p>Nasza dzia\u0142alno\u015b\u0107 jest wszechstronna i skierowana do wszystkich podmiot\u00f3w znajduj\u0105cych si\u0119 na polskim rynku. Dotyczy archiw\u00f3w b\u0119d\u0105cych pod nadzorem archiw\u00f3w pa\u0144stwowych oraz sk\u0142adnic akt.<\/p>\n<p><em><strong>Przypominamy: nie wyrzucaj dokument\u00f3w, kt\u00f3re mog\u0105 wpa\u015b\u0107 w niepowo\u0142ane r\u0119ce, a wraz z nimi informacje o tobie, twojej dzia\u0142alno\u015bci oraz funkcjonowania twojego przedsi\u0119biorstwa. Zapoznaj si\u0119 z nimi i zapytaj innych, co mo\u017cna z nimi zrobi\u0107 \ud83d\ude09<\/strong><\/em><\/p>\n","protected":false},"excerpt":{"rendered":"<p>Jeste\u015bmy firm\u0105 archiwizuj\u0105c\u0105 dokumenty i zajmuj\u0105c\u0105 si\u0119 tworzeniem normatyw\u00f3w archiwalnych. W zakresie naszych zada\u0144\u00a0s\u0105 r\u00f3wnie\u017c\u00a0szkolenia i wdro\u017cenie do prowadzenia archiwum lub sk\u0142adnicy akt.\u00a0Nasz\u0105 dzia\u0142alno\u015b\u0107 prowadzimy od 1999 roku. To d\u0142ugo, ale ca\u0142y czas si\u0119 uczymy i staramy si\u0119\u00a0dostosowa\u0107 nasze us\u0142ugi do zmieniaj\u0105cych si\u0119 przepis\u00f3w oraz potrzeb i warunk\u00f3w naszych klient\u00f3w. Pomagamy tworzy\u0107 nowe archiwa i &hellip; <a href=\"http:\/\/archiwariusz.pl\/\" class=\"more-link\">Czytaj dalej <span class=\"screen-reader-text\">Dzie\u0144 dobry \ud83d\ude42<\/span><\/a><\/p>\n","protected":false},"author":1,"featured_media":0,"parent":0,"menu_order":0,"comment_status":"closed","ping_status":"closed","template":"","meta":[],"_links":{"self":[{"href":"http:\/\/archiwariusz.pl\/index.php?rest_route=\/wp\/v2\/pages\/55"}],"collection":[{"href":"http:\/\/archiwariusz.pl\/index.php?rest_route=\/wp\/v2\/pages"}],"about":[{"href":"http:\/\/archiwariusz.pl\/index.php?rest_route=\/wp\/v2\/types\/page"}],"author":[{"embeddable":true,"href":"http:\/\/archiwariusz.pl\/index.php?rest_route=\/wp\/v2\/users\/1"}],"replies":[{"embeddable":true,"href":"http:\/\/archiwariusz.pl\/index.php?rest_route=%2Fwp%2Fv2%2Fcomments&post=55"}],"version-history":[{"count":3,"href":"http:\/\/archiwariusz.pl\/index.php?rest_route=\/wp\/v2\/pages\/55\/revisions"}],"predecessor-version":[{"id":75,"href":"http:\/\/archiwariusz.pl\/index.php?rest_route=\/wp\/v2\/pages\/55\/revisions\/75"}],"wp:attachment":[{"href":"http:\/\/archiwariusz.pl\/index.php?rest_route=%2Fwp%2Fv2%2Fmedia&parent=55"}],"curies":[{"name":"wp","href":"https:\/\/api.w.org\/{rel}","templated":true}]}}